{"id":1568,"date":"2025-05-26T06:57:16","date_gmt":"2025-05-26T06:57:16","guid":{"rendered":"https:\/\/elect.nl\/?page_id=1568"},"modified":"2026-03-12T08:34:54","modified_gmt":"2026-03-12T08:34:54","slug":"datenschutz-erklarung","status":"publish","type":"page","link":"https:\/\/elect.nl\/de\/datenschutz-erklarung\/","title":{"rendered":"Erkl\u00e4rung zum Datenschutz"},"content":{"rendered":"<div data-elementor-type=\"wp-page\" data-elementor-id=\"1568\" class=\"elementor elementor-1568\" data-elementor-post-type=\"page\">\n\t\t\t\t<div class=\"elementor-element elementor-element-a5e5b16 e-flex e-con-boxed e-con e-parent\" data-id=\"a5e5b16\" data-element_type=\"container\">\n\t\t\t\t\t<div class=\"e-con-inner\">\n\t\t\t\t<div class=\"elementor-element elementor-element-773b366 elementor-widget elementor-widget-heading\" data-id=\"773b366\" data-element_type=\"widget\" data-widget_type=\"heading.default\">\n\t\t\t\t<div class=\"elementor-widget-container\">\n\t\t\t\t\t<h1 class=\"elementor-heading-title elementor-size-default\">Datenschutzbestimmungen<\/h1>\t\t\t\t<\/div>\n\t\t\t\t<\/div>\n\t\t\t\t<div class=\"elementor-element elementor-element-2c5c092 elementor-widget elementor-widget-text-editor\" data-id=\"2c5c092\" data-element_type=\"widget\" data-widget_type=\"text-editor.default\">\n\t\t\t\t<div class=\"elementor-widget-container\">\n\t\t\t\t\t\t\t\t\t<p class=\"p1\">Bei Elect High-Tech Electronics sch\u00e4tzen wir Ihre Privatsph\u00e4re. Wir verarbeiten nur Daten, die f\u00fcr die (Verbesserung) unserer Dienstleistungen notwendig sind und gehen mit den Informationen, die wir \u00fcber Sie und Ihre Nutzung unserer Dienstleistungen sammeln, sorgf\u00e4ltig um. In dieser Datenschutzerkl\u00e4rung erkl\u00e4ren wir, welche Daten wir sammeln, warum wir sie sammeln und wie wir Ihre Daten sch\u00fctzen.<\/p><p><b>Wer sind wir?<\/b><br \/>Elect High-Tech Elektronik B.V.<br \/>Gunnerstraat 14<br \/>info@elect.nl<br \/>Nummer der Handelskammer: 93636504<\/p><p class=\"p1\"><b>Welche Daten sammeln wir?<\/b><br \/>Wir k\u00f6nnen die folgenden personenbezogenen Daten verarbeiten:<\/p><ul class=\"ul1\"><li class=\"li1\">Vor- und Nachname<\/li><li class=\"li1\">Angaben zur Adresse<\/li><li class=\"li1\">Rufnummer<\/li><li class=\"li1\">E-Mail Adresse<\/li><li class=\"li1\">IP-Adresse<\/li><li class=\"li1\">Daten \u00fcber Ihre Aktivit\u00e4ten auf unserer Website<\/li><li class=\"li1\">Andere Informationen, die Sie aktiv zur Verf\u00fcgung stellen, zum Beispiel \u00fcber unser Kontaktformular oder bei der Erstellung eines Kontos<\/li><\/ul><p class=\"p1\"><b><br \/>Warum verarbeiten wir Ihre Daten?<\/b><br \/>Wir verarbeiten Ihre personenbezogenen Daten f\u00fcr die folgenden Zwecke:<\/p><ul class=\"ul1\"><li class=\"li1\">Zur Bearbeitung Ihrer Bestellung<\/li><li class=\"li1\">Zum Versenden von Newslettern (mit Ihrer Zustimmung)<\/li><li class=\"li1\">Zur Verbesserung unserer Website und Dienstleistungen<\/li><li class=\"li1\">Kundendienst und Unterst\u00fctzung<\/li><li class=\"li1\">Zur Erf\u00fcllung gesetzlicher Verpflichtungen<\/li><\/ul><p class=\"p1\"><b><br \/>Weitergabe von Daten an Dritte<\/b><br \/>Wir geben Ihre Daten nur dann an Dritte weiter, wenn dies f\u00fcr unseren Service oder zur Erf\u00fcllung rechtlicher Verpflichtungen erforderlich ist. Beispiele hierf\u00fcr sind Zahlungsanbieter, Versandpartner oder IT-Dienstleister. Wir haben mit diesen Parteien Datenverarbeitungsvertr\u00e4ge abgeschlossen, um Ihre Privatsph\u00e4re zu sch\u00fctzen.<\/p><p class=\"p1\"><b>Cookies<\/b><br \/>Wir verwenden funktionale, analytische und (m\u00f6glicherweise) Tracking-Cookies, um sicherzustellen, dass unsere Website ordnungsgem\u00e4\u00df funktioniert und um die Benutzerfreundlichkeit zu verbessern. Sie k\u00f6nnen Ihre Cookie-Pr\u00e4ferenzen \u00fcber Ihre Browser-Einstellungen anpassen.<\/p><p class=\"p1\"><b>Ihre Rechte<\/b><br \/>Sie haben das Recht, Ihre personenbezogenen Daten einzusehen, zu berichtigen oder zu l\u00f6schen. Sie k\u00f6nnen auch der Verarbeitung widersprechen oder Daten\u00fcbertragbarkeit verlangen. Um diese Rechte auszu\u00fcben, kontaktieren Sie uns bitte unter info@elect.nl.<\/p><p class=\"p1\"><b>Sicherheit<\/b><br \/>Wir ergreifen geeignete Ma\u00dfnahmen, um Missbrauch, Verlust, unbefugten Zugriff und unerw\u00fcnschte Offenlegung zu verhindern. Zum Beispiel verwendet unsere Website eine SSL-Verschl\u00fcsselung.<\/p><p class=\"p1\"><b>\u00c4nderungen<\/b><br \/>Wir behalten uns das Recht vor, diese Datenschutzrichtlinie zu \u00e4ndern. Wir empfehlen, diese Erkl\u00e4rung regelm\u00e4\u00dfig zu \u00fcberpr\u00fcfen.<\/p>\t\t\t\t\t\t\t\t<\/div>\n\t\t\t\t<\/div>\n\t\t\t\t\t<\/div>\n\t\t\t\t<\/div>\n\t\t\t\t<\/div>","protected":false},"excerpt":{"rendered":"<p>Privacy policy At Elect High-Tech Electronics, we value your privacy. We only process data necessary for (improving) our services and handle the information we collect about you and your use of our services with care. In this privacy policy, we explain what data we collect, why we collect it, and how we protect your data. [&hellip;]<\/p>","protected":false},"author":1,"featured_media":0,"parent":0,"menu_order":0,"comment_status":"closed","ping_status":"closed","template":"elementor_header_footer","meta":{"_acf_changed":false,"footnotes":""},"class_list":["post-1568","page","type-page","status-publish","hentry"],"acf":[],"yoast_head":"<!-- This site is optimized with the Yoast SEO plugin v25.3 - https:\/\/yoast.com\/wordpress\/plugins\/seo\/ -->\n<title>Privacy statement - Elect High-Tech Electronics<\/title>\n<meta name=\"robots\" content=\"index, follow, max-snippet:-1, max-image-preview:large, max-video-preview:-1\" \/>\n<link rel=\"canonical\" href=\"https:\/\/elect.nl\/de\/datenschutz-erklarung\/\" \/>\n<meta property=\"og:locale\" content=\"de_DE\" \/>\n<meta property=\"og:type\" content=\"article\" \/>\n<meta property=\"og:title\" content=\"Privacy statement - Elect High-Tech Electronics\" \/>\n<meta property=\"og:description\" content=\"Privacy policy At Elect High-Tech Electronics, we value your privacy. We only process data necessary for (improving) our services and handle the information we collect about you and your use of our services with care. In this privacy policy, we explain what data we collect, why we collect it, and how we protect your data. [&hellip;]\" \/>\n<meta property=\"og:url\" content=\"https:\/\/elect.nl\/de\/datenschutz-erklarung\/\" \/>\n<meta property=\"og:site_name\" content=\"Elect High-Tech Electronics\" \/>\n<meta property=\"article:modified_time\" content=\"2026-03-12T08:34:54+00:00\" \/>\n<meta name=\"twitter:card\" content=\"summary_large_image\" \/>\n<meta name=\"twitter:label1\" content=\"Gesch\u00e4tzte Lesezeit\" \/>\n\t<meta name=\"twitter:data1\" content=\"2\u00a0Minuten\" \/>\n<script type=\"application\/ld+json\" class=\"yoast-schema-graph\">{\"@context\":\"https:\/\/schema.org\",\"@graph\":[{\"@type\":\"WebPage\",\"@id\":\"https:\/\/elect.nl\/en\/privacy-statement\/\",\"url\":\"https:\/\/elect.nl\/en\/privacy-statement\/\",\"name\":\"Privacy statement - Elect High-Tech Electronics\",\"isPartOf\":{\"@id\":\"https:\/\/elect.nl\/en\/#website\"},\"datePublished\":\"2025-05-26T06:57:16+00:00\",\"dateModified\":\"2026-03-12T08:34:54+00:00\",\"breadcrumb\":{\"@id\":\"https:\/\/elect.nl\/en\/privacy-statement\/#breadcrumb\"},\"inLanguage\":\"de\",\"potentialAction\":[{\"@type\":\"ReadAction\",\"target\":[\"https:\/\/elect.nl\/en\/privacy-statement\/\"]}]},{\"@type\":\"BreadcrumbList\",\"@id\":\"https:\/\/elect.nl\/en\/privacy-statement\/#breadcrumb\",\"itemListElement\":[{\"@type\":\"ListItem\",\"position\":1,\"name\":\"Home\",\"item\":\"https:\/\/elect.nl\/en\/\"},{\"@type\":\"ListItem\",\"position\":2,\"name\":\"Privacy statement\"}]},{\"@type\":\"WebSite\",\"@id\":\"https:\/\/elect.nl\/en\/#website\",\"url\":\"https:\/\/elect.nl\/en\/\",\"name\":\"Elect High-Tech Electronics\",\"description\":\"Your strategic partner in technology!\",\"publisher\":{\"@id\":\"https:\/\/elect.nl\/en\/#organization\"},\"potentialAction\":[{\"@type\":\"SearchAction\",\"target\":{\"@type\":\"EntryPoint\",\"urlTemplate\":\"https:\/\/elect.nl\/en\/?s={search_term_string}\"},\"query-input\":{\"@type\":\"PropertyValueSpecification\",\"valueRequired\":true,\"valueName\":\"search_term_string\"}}],\"inLanguage\":\"de\"},{\"@type\":\"Organization\",\"@id\":\"https:\/\/elect.nl\/en\/#organization\",\"name\":\"Elect High-Tech Electronics\",\"url\":\"https:\/\/elect.nl\/en\/\",\"logo\":{\"@type\":\"ImageObject\",\"inLanguage\":\"de\",\"@id\":\"https:\/\/elect.nl\/en\/#\/schema\/logo\/image\/\",\"url\":\"https:\/\/elect.nl\/wp-content\/uploads\/2025\/12\/cropped-Elect_High-Tech_Electronics_logo.png\",\"contentUrl\":\"https:\/\/elect.nl\/wp-content\/uploads\/2025\/12\/cropped-Elect_High-Tech_Electronics_logo.png\",\"width\":621,\"height\":189,\"caption\":\"Elect High-Tech Electronics\"},\"image\":{\"@id\":\"https:\/\/elect.nl\/en\/#\/schema\/logo\/image\/\"}}]}<\/script>\n<!-- \/ Yoast SEO plugin. -->","yoast_head_json":{"title":"Privacy statement - Elect High-Tech Electronics","robots":{"index":"index","follow":"follow","max-snippet":"max-snippet:-1","max-image-preview":"max-image-preview:large","max-video-preview":"max-video-preview:-1"},"canonical":"https:\/\/elect.nl\/de\/datenschutz-erklarung\/","og_locale":"de_DE","og_type":"article","og_title":"Privacy statement - Elect High-Tech Electronics","og_description":"Privacy policy At Elect High-Tech Electronics, we value your privacy. We only process data necessary for (improving) our services and handle the information we collect about you and your use of our services with care. In this privacy policy, we explain what data we collect, why we collect it, and how we protect your data. [&hellip;]","og_url":"https:\/\/elect.nl\/de\/datenschutz-erklarung\/","og_site_name":"Elect High-Tech Electronics","article_modified_time":"2026-03-12T08:34:54+00:00","twitter_card":"summary_large_image","twitter_misc":{"Gesch\u00e4tzte Lesezeit":"2\u00a0Minuten"},"schema":{"@context":"https:\/\/schema.org","@graph":[{"@type":"WebPage","@id":"https:\/\/elect.nl\/en\/privacy-statement\/","url":"https:\/\/elect.nl\/en\/privacy-statement\/","name":"Privacy statement - Elect High-Tech Electronics","isPartOf":{"@id":"https:\/\/elect.nl\/en\/#website"},"datePublished":"2025-05-26T06:57:16+00:00","dateModified":"2026-03-12T08:34:54+00:00","breadcrumb":{"@id":"https:\/\/elect.nl\/en\/privacy-statement\/#breadcrumb"},"inLanguage":"de","potentialAction":[{"@type":"ReadAction","target":["https:\/\/elect.nl\/en\/privacy-statement\/"]}]},{"@type":"BreadcrumbList","@id":"https:\/\/elect.nl\/en\/privacy-statement\/#breadcrumb","itemListElement":[{"@type":"ListItem","position":1,"name":"Home","item":"https:\/\/elect.nl\/en\/"},{"@type":"ListItem","position":2,"name":"Privacy statement"}]},{"@type":"WebSite","@id":"https:\/\/elect.nl\/en\/#website","url":"https:\/\/elect.nl\/en\/","name":"Elect High-Tech Electronics","description":"Your strategic partner in technology!","publisher":{"@id":"https:\/\/elect.nl\/en\/#organization"},"potentialAction":[{"@type":"SearchAction","target":{"@type":"EntryPoint","urlTemplate":"https:\/\/elect.nl\/en\/?s={search_term_string}"},"query-input":{"@type":"PropertyValueSpecification","valueRequired":true,"valueName":"search_term_string"}}],"inLanguage":"de"},{"@type":"Organization","@id":"https:\/\/elect.nl\/en\/#organization","name":"Elect High-Tech Electronics","url":"https:\/\/elect.nl\/en\/","logo":{"@type":"ImageObject","inLanguage":"de","@id":"https:\/\/elect.nl\/en\/#\/schema\/logo\/image\/","url":"https:\/\/elect.nl\/wp-content\/uploads\/2025\/12\/cropped-Elect_High-Tech_Electronics_logo.png","contentUrl":"https:\/\/elect.nl\/wp-content\/uploads\/2025\/12\/cropped-Elect_High-Tech_Electronics_logo.png","width":621,"height":189,"caption":"Elect High-Tech Electronics"},"image":{"@id":"https:\/\/elect.nl\/en\/#\/schema\/logo\/image\/"}}]}},"_links":{"self":[{"href":"https:\/\/elect.nl\/de\/wp-json\/wp\/v2\/pages\/1568","targetHints":{"allow":["GET"]}}],"collection":[{"href":"https:\/\/elect.nl\/de\/wp-json\/wp\/v2\/pages"}],"about":[{"href":"https:\/\/elect.nl\/de\/wp-json\/wp\/v2\/types\/page"}],"author":[{"embeddable":true,"href":"https:\/\/elect.nl\/de\/wp-json\/wp\/v2\/users\/1"}],"replies":[{"embeddable":true,"href":"https:\/\/elect.nl\/de\/wp-json\/wp\/v2\/comments?post=1568"}],"version-history":[{"count":26,"href":"https:\/\/elect.nl\/de\/wp-json\/wp\/v2\/pages\/1568\/revisions"}],"predecessor-version":[{"id":2831,"href":"https:\/\/elect.nl\/de\/wp-json\/wp\/v2\/pages\/1568\/revisions\/2831"}],"wp:attachment":[{"href":"https:\/\/elect.nl\/de\/wp-json\/wp\/v2\/media?parent=1568"}],"curies":[{"name":"wp","href":"https:\/\/api.w.org\/{rel}","templated":true}]}}