{"id":1496,"date":"2025-05-23T13:44:27","date_gmt":"2025-05-23T13:44:27","guid":{"rendered":"https:\/\/elect.nl\/?page_id=1496"},"modified":"2026-03-12T08:35:22","modified_gmt":"2026-03-12T08:35:22","slug":"haftungsausschluss","status":"publish","type":"page","link":"https:\/\/elect.nl\/de\/haftungsausschluss\/","title":{"rendered":"Disclaimer"},"content":{"rendered":"<div data-elementor-type=\"wp-page\" data-elementor-id=\"1496\" class=\"elementor elementor-1496\" data-elementor-post-type=\"page\">\n\t\t\t\t<div class=\"elementor-element elementor-element-a5e5b16 e-flex e-con-boxed e-con e-parent\" data-id=\"a5e5b16\" data-element_type=\"container\">\n\t\t\t\t\t<div class=\"e-con-inner\">\n\t\t\t\t<div class=\"elementor-element elementor-element-773b366 elementor-widget elementor-widget-heading\" data-id=\"773b366\" data-element_type=\"widget\" data-widget_type=\"heading.default\">\n\t\t\t\t<div class=\"elementor-widget-container\">\n\t\t\t\t\t<h1 class=\"elementor-heading-title elementor-size-default\">Disclaimer<\/h1>\t\t\t\t<\/div>\n\t\t\t\t<\/div>\n\t\t\t\t<div class=\"elementor-element elementor-element-2c5c092 elementor-widget elementor-widget-text-editor\" data-id=\"2c5c092\" data-element_type=\"widget\" data-widget_type=\"text-editor.default\">\n\t\t\t\t<div class=\"elementor-widget-container\">\n\t\t\t\t\t\t\t\t\t<p data-start=\"58\" data-end=\"456\">Die Informationen auf dieser Website wurden mit Sorgfalt zusammengestellt und sind nur f\u00fcr allgemeine Informationszwecke bestimmt. Obwohl Elect High-Tech Electronics bestrebt ist, genaue und aktuelle Inhalte bereitzustellen, k\u00f6nnen wir nicht garantieren, dass alle Informationen vollst\u00e4ndig, richtig oder aktuell sind. Aus dem Inhalt dieser Website k\u00f6nnen keine Rechte abgeleitet werden, und die Nutzung erfolgt ausschlie\u00dflich auf eigenes Risiko.<\/p><p data-start=\"458\" data-end=\"750\">Elect High-Tech Electronics \u00fcbernimmt keine Haftung f\u00fcr Sch\u00e4den oder Verluste, die sich aus der Nutzung dieser Website oder von Websites, auf die verwiesen wird, ergeben. Diese Website kann Links zu externen Websites enthalten; wir sind nicht verantwortlich f\u00fcr den Inhalt, die Funktionalit\u00e4t oder die Datenschutzpraktiken dieser externen Parteien.<\/p><p data-start=\"752\" data-end=\"1035\">Alle Rechte an geistigem Eigentum im Zusammenhang mit dieser Website, einschlie\u00dflich Texten, Bildern, Logos und Software, sind Eigentum von Elect High-Tech Electronics, sofern nicht anders angegeben. Ohne schriftliche Genehmigung ist es nicht gestattet, Material von dieser Website zu kopieren, zu verbreiten oder anderweitig zu verwenden.<\/p><p data-start=\"1037\" data-end=\"1187\">Elect High-Tech Electronics beh\u00e4lt sich das Recht vor, den Inhalt dieser Website, einschlie\u00dflich dieses Haftungsausschlusses, jederzeit und ohne vorherige Ank\u00fcndigung zu \u00e4ndern.<\/p>\t\t\t\t\t\t\t\t<\/div>\n\t\t\t\t<\/div>\n\t\t\t\t\t<\/div>\n\t\t\t\t<\/div>\n\t\t\t\t<\/div>","protected":false},"excerpt":{"rendered":"<p>Disclaimer The information on this website has been compiled with care and is intended for general informational purposes only. Although Elect High-Tech Electronics strives to provide accurate and up-to-date content, we cannot guarantee that all information is complete, correct, or current. No rights can be derived from the content of this website, and its use [&hellip;]<\/p>","protected":false},"author":1,"featured_media":0,"parent":0,"menu_order":0,"comment_status":"closed","ping_status":"closed","template":"elementor_header_footer","meta":{"_acf_changed":false,"footnotes":""},"class_list":["post-1496","page","type-page","status-publish","hentry"],"acf":[],"yoast_head":"<!-- This site is optimized with the Yoast SEO plugin v25.3 - https:\/\/yoast.com\/wordpress\/plugins\/seo\/ -->\n<title>Disclaimer - Elect High-Tech Electronics<\/title>\n<meta name=\"robots\" content=\"index, follow, max-snippet:-1, max-image-preview:large, max-video-preview:-1\" \/>\n<link rel=\"canonical\" href=\"https:\/\/elect.nl\/de\/haftungsausschluss\/\" \/>\n<meta property=\"og:locale\" content=\"de_DE\" \/>\n<meta property=\"og:type\" content=\"article\" \/>\n<meta property=\"og:title\" content=\"Disclaimer - Elect High-Tech Electronics\" \/>\n<meta property=\"og:description\" content=\"Disclaimer The information on this website has been compiled with care and is intended for general informational purposes only. Although Elect High-Tech Electronics strives to provide accurate and up-to-date content, we cannot guarantee that all information is complete, correct, or current. No rights can be derived from the content of this website, and its use [&hellip;]\" \/>\n<meta property=\"og:url\" content=\"https:\/\/elect.nl\/de\/haftungsausschluss\/\" \/>\n<meta property=\"og:site_name\" content=\"Elect High-Tech Electronics\" \/>\n<meta property=\"article:modified_time\" content=\"2026-03-12T08:35:22+00:00\" \/>\n<meta name=\"twitter:card\" content=\"summary_large_image\" \/>\n<script type=\"application\/ld+json\" class=\"yoast-schema-graph\">{\"@context\":\"https:\/\/schema.org\",\"@graph\":[{\"@type\":\"WebPage\",\"@id\":\"https:\/\/elect.nl\/en\/disclaimer\/\",\"url\":\"https:\/\/elect.nl\/en\/disclaimer\/\",\"name\":\"Disclaimer - Elect High-Tech Electronics\",\"isPartOf\":{\"@id\":\"https:\/\/elect.nl\/en\/#website\"},\"datePublished\":\"2025-05-23T13:44:27+00:00\",\"dateModified\":\"2026-03-12T08:35:22+00:00\",\"breadcrumb\":{\"@id\":\"https:\/\/elect.nl\/en\/disclaimer\/#breadcrumb\"},\"inLanguage\":\"de\",\"potentialAction\":[{\"@type\":\"ReadAction\",\"target\":[\"https:\/\/elect.nl\/en\/disclaimer\/\"]}]},{\"@type\":\"BreadcrumbList\",\"@id\":\"https:\/\/elect.nl\/en\/disclaimer\/#breadcrumb\",\"itemListElement\":[{\"@type\":\"ListItem\",\"position\":1,\"name\":\"Home\",\"item\":\"https:\/\/elect.nl\/en\/\"},{\"@type\":\"ListItem\",\"position\":2,\"name\":\"Disclaimer\"}]},{\"@type\":\"WebSite\",\"@id\":\"https:\/\/elect.nl\/en\/#website\",\"url\":\"https:\/\/elect.nl\/en\/\",\"name\":\"Elect High-Tech Electronics\",\"description\":\"Your strategic partner in technology!\",\"publisher\":{\"@id\":\"https:\/\/elect.nl\/en\/#organization\"},\"potentialAction\":[{\"@type\":\"SearchAction\",\"target\":{\"@type\":\"EntryPoint\",\"urlTemplate\":\"https:\/\/elect.nl\/en\/?s={search_term_string}\"},\"query-input\":{\"@type\":\"PropertyValueSpecification\",\"valueRequired\":true,\"valueName\":\"search_term_string\"}}],\"inLanguage\":\"de\"},{\"@type\":\"Organization\",\"@id\":\"https:\/\/elect.nl\/en\/#organization\",\"name\":\"Elect High-Tech Electronics\",\"url\":\"https:\/\/elect.nl\/en\/\",\"logo\":{\"@type\":\"ImageObject\",\"inLanguage\":\"de\",\"@id\":\"https:\/\/elect.nl\/en\/#\/schema\/logo\/image\/\",\"url\":\"https:\/\/elect.nl\/wp-content\/uploads\/2025\/12\/cropped-Elect_High-Tech_Electronics_logo.png\",\"contentUrl\":\"https:\/\/elect.nl\/wp-content\/uploads\/2025\/12\/cropped-Elect_High-Tech_Electronics_logo.png\",\"width\":621,\"height\":189,\"caption\":\"Elect High-Tech Electronics\"},\"image\":{\"@id\":\"https:\/\/elect.nl\/en\/#\/schema\/logo\/image\/\"}}]}<\/script>\n<!-- \/ Yoast SEO plugin. -->","yoast_head_json":{"title":"Disclaimer - Elect High-Tech Electronics","robots":{"index":"index","follow":"follow","max-snippet":"max-snippet:-1","max-image-preview":"max-image-preview:large","max-video-preview":"max-video-preview:-1"},"canonical":"https:\/\/elect.nl\/de\/haftungsausschluss\/","og_locale":"de_DE","og_type":"article","og_title":"Disclaimer - Elect High-Tech Electronics","og_description":"Disclaimer The information on this website has been compiled with care and is intended for general informational purposes only. Although Elect High-Tech Electronics strives to provide accurate and up-to-date content, we cannot guarantee that all information is complete, correct, or current. No rights can be derived from the content of this website, and its use [&hellip;]","og_url":"https:\/\/elect.nl\/de\/haftungsausschluss\/","og_site_name":"Elect High-Tech Electronics","article_modified_time":"2026-03-12T08:35:22+00:00","twitter_card":"summary_large_image","schema":{"@context":"https:\/\/schema.org","@graph":[{"@type":"WebPage","@id":"https:\/\/elect.nl\/en\/disclaimer\/","url":"https:\/\/elect.nl\/en\/disclaimer\/","name":"Disclaimer - Elect High-Tech Electronics","isPartOf":{"@id":"https:\/\/elect.nl\/en\/#website"},"datePublished":"2025-05-23T13:44:27+00:00","dateModified":"2026-03-12T08:35:22+00:00","breadcrumb":{"@id":"https:\/\/elect.nl\/en\/disclaimer\/#breadcrumb"},"inLanguage":"de","potentialAction":[{"@type":"ReadAction","target":["https:\/\/elect.nl\/en\/disclaimer\/"]}]},{"@type":"BreadcrumbList","@id":"https:\/\/elect.nl\/en\/disclaimer\/#breadcrumb","itemListElement":[{"@type":"ListItem","position":1,"name":"Home","item":"https:\/\/elect.nl\/en\/"},{"@type":"ListItem","position":2,"name":"Disclaimer"}]},{"@type":"WebSite","@id":"https:\/\/elect.nl\/en\/#website","url":"https:\/\/elect.nl\/en\/","name":"Elect High-Tech Electronics","description":"Your strategic partner in technology!","publisher":{"@id":"https:\/\/elect.nl\/en\/#organization"},"potentialAction":[{"@type":"SearchAction","target":{"@type":"EntryPoint","urlTemplate":"https:\/\/elect.nl\/en\/?s={search_term_string}"},"query-input":{"@type":"PropertyValueSpecification","valueRequired":true,"valueName":"search_term_string"}}],"inLanguage":"de"},{"@type":"Organization","@id":"https:\/\/elect.nl\/en\/#organization","name":"Elect High-Tech Electronics","url":"https:\/\/elect.nl\/en\/","logo":{"@type":"ImageObject","inLanguage":"de","@id":"https:\/\/elect.nl\/en\/#\/schema\/logo\/image\/","url":"https:\/\/elect.nl\/wp-content\/uploads\/2025\/12\/cropped-Elect_High-Tech_Electronics_logo.png","contentUrl":"https:\/\/elect.nl\/wp-content\/uploads\/2025\/12\/cropped-Elect_High-Tech_Electronics_logo.png","width":621,"height":189,"caption":"Elect High-Tech Electronics"},"image":{"@id":"https:\/\/elect.nl\/en\/#\/schema\/logo\/image\/"}}]}},"_links":{"self":[{"href":"https:\/\/elect.nl\/de\/wp-json\/wp\/v2\/pages\/1496","targetHints":{"allow":["GET"]}}],"collection":[{"href":"https:\/\/elect.nl\/de\/wp-json\/wp\/v2\/pages"}],"about":[{"href":"https:\/\/elect.nl\/de\/wp-json\/wp\/v2\/types\/page"}],"author":[{"embeddable":true,"href":"https:\/\/elect.nl\/de\/wp-json\/wp\/v2\/users\/1"}],"replies":[{"embeddable":true,"href":"https:\/\/elect.nl\/de\/wp-json\/wp\/v2\/comments?post=1496"}],"version-history":[{"count":13,"href":"https:\/\/elect.nl\/de\/wp-json\/wp\/v2\/pages\/1496\/revisions"}],"predecessor-version":[{"id":2834,"href":"https:\/\/elect.nl\/de\/wp-json\/wp\/v2\/pages\/1496\/revisions\/2834"}],"wp:attachment":[{"href":"https:\/\/elect.nl\/de\/wp-json\/wp\/v2\/media?parent=1496"}],"curies":[{"name":"wp","href":"https:\/\/api.w.org\/{rel}","templated":true}]}}