{"id":1486,"date":"2025-05-23T13:38:37","date_gmt":"2025-05-23T13:38:37","guid":{"rendered":"https:\/\/elect.nl\/?page_id=1486"},"modified":"2026-03-12T08:33:57","modified_gmt":"2026-03-12T08:33:57","slug":"bedingungen-und-konditionen","status":"publish","type":"page","link":"https:\/\/elect.nl\/de\/bedingungen-und-konditionen\/","title":{"rendered":"Bedingungen und Konditionen"},"content":{"rendered":"<div data-elementor-type=\"wp-page\" data-elementor-id=\"1486\" class=\"elementor elementor-1486\" data-elementor-post-type=\"page\">\n\t\t\t\t<div class=\"elementor-element elementor-element-a5e5b16 e-flex e-con-boxed e-con e-parent\" data-id=\"a5e5b16\" data-element_type=\"container\">\n\t\t\t\t\t<div class=\"e-con-inner\">\n\t\t\t\t<div class=\"elementor-element elementor-element-773b366 elementor-widget elementor-widget-heading\" data-id=\"773b366\" data-element_type=\"widget\" data-widget_type=\"heading.default\">\n\t\t\t\t<div class=\"elementor-widget-container\">\n\t\t\t\t\t<h1 class=\"elementor-heading-title elementor-size-default\">Allgemeine Bedingungen und Konditionen<\/h1>\t\t\t\t<\/div>\n\t\t\t\t<\/div>\n\t\t\t\t<div class=\"elementor-element elementor-element-2c5c092 elementor-widget elementor-widget-text-editor\" data-id=\"2c5c092\" data-element_type=\"widget\" data-widget_type=\"text-editor.default\">\n\t\t\t\t<div class=\"elementor-widget-container\">\n\t\t\t\t\t\t\t\t\t<p class=\"p1\"><b>Artikel 1 - Begriffsbestimmungen<\/b><b><\/b><\/p><ul class=\"ul1\"><li class=\"li1\"><b>Allgemeine Bedingungen und Konditionen<\/b>: Diese Bedingungen und Konditionen.<\/li><li class=\"li1\"><b>Service<\/b>: Alle Dienstleistungen, die Elect dem Kunden anbietet, wie in einem Angebot, einer Vereinbarung oder einem anderen Rechtsakt angegeben.<\/li><li class=\"li1 translation-block\"><b>Elect Hightech Electronics B.V.<\/b> (im Folgenden: <b>Elect<\/b>): Auftragnehmer mit Sitz in der Gunnerstraat 14, 7595 KE Weerselo, eingetragen bei der Handelskammer unter der Nummer 93636504.<\/li><li class=\"li1\"><b>Produkte<\/b>: Alle im Abkommen beschriebenen Produkte.<\/li><li class=\"li1\"><b>Rechte an geistigem Eigentum<\/b>: Rechte an geistigem Eigentum, einschlie\u00dflich, aber nicht beschr\u00e4nkt auf Urheberrechte (einschlie\u00dflich Software), Datenbankrechte, Dom\u00e4nennamen, Handelsnamenrechte, Markenrechte, Geschmacksmusterrechte, Nachbarschaftsrechte, Patentrechte und Know-how.<\/li><li class=\"li1\"><b>Zitat<\/b>: Ein schriftliches Angebot von Elect.<\/li><li class=\"li1\"><b>Kunde<\/b>: Die juristische Person, unabh\u00e4ngig davon, ob sie in Aus\u00fcbung eines Berufs oder eines Gesch\u00e4fts handelt, die einen Vertrag mit Elect geschlossen hat.<\/li><li class=\"li1\"><b>Vereinbarung<\/b>: Der Vertrag zwischen den Parteien, auf dessen Grundlage Elect seine Produkte an den Kunden liefert und dessen Bestandteil diese Allgemeinen Gesch\u00e4ftsbedingungen sind.<\/li><li class=\"li1\"><b>Partei(en)<\/b>: Der Gew\u00e4hlte und\/oder der Kunde, jeder f\u00fcr sich oder gemeinsam.<\/li><li class=\"li1\"><b>Vertrauliche Informationen<\/b>: Nicht \u00f6ffentliche Informationen, die sich auf eine Vertragspartei beziehen, oder Informationen, die ausdr\u00fccklich als vertraulich bezeichnet werden oder die aufgrund ihrer Art oder ihrer Umst\u00e4nde vertraulich behandelt werden m\u00fcssen.<\/li><li class=\"li1\"><b>Mitarbeiter<\/b>: Die Person, die bei einer der Vertragsparteien besch\u00e4ftigt ist oder im Auftrag dieser Vertragspartei Arbeiten ausf\u00fchrt.<\/li><\/ul><p>\u00a0<\/p><p class=\"p1\"><b>Artikel 2 - Anwendbarkeit und Auslegung<\/b><b><\/b><\/p><ol class=\"ol1\"><li class=\"li1\">Diese Allgemeinen Gesch\u00e4ftsbedingungen gelten f\u00fcr alle (Rechts-)Handlungen im Zusammenhang mit der Vorbereitung, dem Zustandekommen oder der Erf\u00fcllung des Vertrags und sind Bestandteil davon. Sie gelten auch f\u00fcr alle nachfolgenden Vertr\u00e4ge zwischen dem Kunden und Elect, wenn der Kunde ihre Anwendbarkeit zuvor akzeptiert hat.<\/li><li class=\"li1\">Die Anwendbarkeit etwaiger Einkaufsbedingungen oder anderer Konditionen des Auftraggebers wird ausdr\u00fccklich ausgeschlossen.<\/li><li class=\"li1\">Von diesen Bedingungen abweichende Bestimmungen des Auftraggebers sind nur g\u00fcltig, wenn sie von den Parteien ausdr\u00fccklich schriftlich vereinbart wurden.<\/li><li class=\"li1\">Wenn zus\u00e4tzlich zu diesen Allgemeinen Gesch\u00e4ftsbedingungen spezifische Produkt-, Werbe- oder Dienstleistungsbedingungen gelten, finden auch diese Bedingungen Anwendung.<\/li><li class=\"li1\">Elect kann diese Bedingungen jederzeit \u00e4ndern oder erg\u00e4nzen. Die ge\u00e4nderten Bedingungen treten 30 Kalendertage nach Unterrichtung des Kunden durch Elect in Kraft, es sei denn, der Kunde, der als Verbraucher gilt, erhebt innerhalb dieser 30 Tage Widerspruch.<\/li><li class=\"li1\">Diese Bedingungen gelten auch f\u00fcr alle von Elect beauftragten Personen und f\u00fcr alle, f\u00fcr deren Handlungen oder Unterlassungen Elect haftbar gemacht werden kann.<\/li><li class=\"li1\">Nur die in der Handelskammer als bevollm\u00e4chtigt eingetragenen Personen k\u00f6nnen im Namen von Elect handeln. Handlungen von Unbefugten sind nur dann verbindlich, wenn sie von Elect schriftlich best\u00e4tigt werden.<\/li><li class=\"li1\">Abweichende Bestimmungen sind nur dann g\u00fcltig, wenn sie ausdr\u00fccklich und schriftlich zwischen den Parteien vereinbart wurden.<\/li><\/ol><p>\u00a0<\/p><p class=\"p1\"><b>Artikel 3 - Angebot und Zustandekommen der Vereinbarung<\/b><b><\/b><\/p><ol class=\"ol1\"><li class=\"li1\">Ein Angebot von Elect ist unverbindlich. Preise, Berechnungen und Bedingungen gelten nur f\u00fcr die angegebenen Dienstleistungen. Wenn ein Angebot eine G\u00fcltigkeitsdauer oder besondere Bedingungen hat, wird dies angegeben.<\/li><li class=\"li1\">Wenn das Angebot von Elect auf Informationen des Auftraggebers beruht, ist der Auftraggeber f\u00fcr deren Vollst\u00e4ndigkeit und Richtigkeit verantwortlich. Die Folgen unvollst\u00e4ndiger\/unrichtiger Informationen gehen auf das Risiko des Auftraggebers.<\/li><li class=\"li1\">Elect ist nicht an Zitate mit offensichtlichen Fehlern gebunden.<\/li><li class=\"li1\">Wenn Elect ein unverbindliches Angebot annimmt, kann sie es kurz nach Erhalt widerrufen oder \u00e4ndern.<\/li><li class=\"li1\">M\u00fcndliche Zusagen sind nur dann verbindlich, wenn sie von Elect schriftlich best\u00e4tigt werden.<\/li><li class=\"li1\">Ein kombiniertes Angebot verpflichtet Elect nicht dazu, Teile der Arbeit im Verh\u00e4ltnis zum angegebenen Preis auszuf\u00fchren.<\/li><li class=\"li1\">Der Vertrag kommt zustande, wenn der Kunde das Angebot annimmt und alle von Elect festgelegten Bedingungen erf\u00fcllt.<\/li><li class=\"li1\">Ein Angebot gilt als angenommen, wenn der Vertrag ohne Einw\u00e4nde ausgef\u00fchrt wird. Die Annahme kann m\u00fcndlich oder schriftlich erfolgen.<\/li><li class=\"li1\">Elect kann die Annahme verweigern oder Bedingungen auferlegen.<\/li><li class=\"li1\">Der Dienst wird wie angegeben geliefert. Geringf\u00fcgige \u00c4nderungen durch Elect, die die Qualit\u00e4t nicht beeintr\u00e4chtigen, sind zul\u00e4ssig.<\/li><li class=\"li1\">Wenn das Unternehmen des Kunden fortgef\u00fchrt, fusioniert oder \u00fcbertragen wird, haften sowohl das urspr\u00fcngliche als auch das nachfolgende Unternehmen gemeinsam f\u00fcr die Verpflichtungen gegen\u00fcber Elect.<\/li><li class=\"li1\">Wenn mehrere Kunden der Vereinbarung beitreten, haftet jeder von ihnen gemeinsam f\u00fcr die vollst\u00e4ndige Einhaltung.<\/li><\/ol><p>\u00a0<\/p><p class=\"p1\"><b>Artikel 4 - Durchf\u00fchrung des Abkommens<\/b><b><\/b><\/p><ol class=\"ol1\"><li class=\"li1\">Elect beginnt mit der Ausf\u00fchrung zum vereinbarten Termin oder sofort, wenn kein Termin angegeben ist.<\/li><li class=\"li1\">Wenn Elect nicht in der Lage ist, rechtzeitig zu liefern, wird sie den Kunden benachrichtigen. Bei einem Gesch\u00e4ftskunden wird dann davon ausgegangen, dass er einen neuen Liefertermin akzeptiert hat.<\/li><li class=\"li1\">Der Kunde erkennt an, dass er nicht befugt ist, Anweisungen bez\u00fcglich der von Elect gelieferten Produkte zu erteilen.<\/li><li class=\"li1\">Der Kunde hat alles zu tun, was f\u00fcr eine rechtzeitige und ordnungsgem\u00e4\u00dfe Ausf\u00fchrung erforderlich ist, einschlie\u00dflich der Bereitstellung der erforderlichen Daten.<\/li><li class=\"li1\">Elect kann Dritte beauftragen; diese Bedingungen gelten f\u00fcr deren Arbeit.<\/li><li class=\"li1\">Elect ist nicht verpflichtet, vom Auftraggeber ausgew\u00e4hlte Dritte mit der Ausf\u00fchrung von Arbeiten zu beauftragen. Der Auftraggeber ist f\u00fcr die von oder \u00fcber einen Dritten gelieferten Waren verantwortlich, einschlie\u00dflich der rechtzeitigen Lieferung.<\/li><\/ol><p>\u00a0<\/p><p class=\"p1\"><b>Artikel 5 - Dauer und Beendigung des Abkommens<\/b><b><\/b><\/p><ol class=\"ol1\"><li class=\"li1\">Die Laufzeit der Vereinbarung wird in der Vereinbarung festgelegt. Wird keine angegeben, betr\u00e4gt sie standardm\u00e4\u00dfig zwei Jahre.<\/li><li class=\"li1\">Ein Gesch\u00e4ftskunde kann den Vertrag nicht vorzeitig k\u00fcndigen.<\/li><li class=\"li1\">Bei K\u00fcndigung muss der Kunde den vollen Betrag abz\u00fcglich der Kosteneinsparungen f\u00fcr Elect zahlen. Elect wird die bis zu diesem Zeitpunkt geleistete Arbeit abliefern. Ist der Preis kostenbasiert, zahlt der Kunde auf der Grundlage der entstandenen Kosten, des Arbeitsaufwands und des erwarteten Gewinns.<\/li><li class=\"li1\">Elect kann den Vertrag aussetzen oder k\u00fcndigen, wenn der Kunde f\u00fcr insolvent erkl\u00e4rt wird, einen Zahlungsaufschub erh\u00e4lt oder sich in Aufl\u00f6sung\/Liquidation befindet.<\/li><li class=\"li1\">Verpflichtungen, die die K\u00fcndigung \u00fcberdauern sollen, bleiben auch danach bestehen.<\/li><\/ol><p>\u00a0<\/p><p class=\"p1\"><b>Artikel 6 - Preis und Zahlung<\/b><b><\/b><\/p><ol class=\"ol1\"><li class=\"li1\">Der Kunde zahlt den im Vertrag angegebenen Betrag. Alle Preise sind in Euro angegeben. Eine Kaution kann wie angegeben verlangt werden.<\/li><li class=\"li1\">Alle Preise verstehen sich, sofern nicht anders angegeben, ohne Mehrwertsteuer und andere staatliche Abgaben.<\/li><li class=\"li1\">Die Zahlungsfrist betr\u00e4gt 14 Tage ab Rechnungsdatum.<\/li><li class=\"li1\">Wenn der Preis auf vom Kunden zur Verf\u00fcgung gestellten Daten basiert, die sich als falsch erweisen, kann Elect den Preis auch nach Abschluss anpassen.<\/li><li class=\"li1\">Wenn der Kunde nicht rechtzeitig zahlt, wird Elect ihn benachrichtigen und ihm eine Zahlungsfrist von 14 Tagen einr\u00e4umen.<\/li><li class=\"li1\">Bei Zahlungsverzug werden die gesetzlichen Zinsen f\u00e4llig und die au\u00dfergerichtlichen und gerichtlichen Kosten, einschlie\u00dflich der Anwalts- und Inkassogeb\u00fchren, werden in voller H\u00f6he \u00fcbernommen.<\/li><li class=\"li1\">Elect kann die Kreditw\u00fcrdigkeit des Kunden pr\u00fcfen. Wenn dies gerechtfertigt ist, kann Elect die Annahme verweigern oder an Bedingungen kn\u00fcpfen, einschlie\u00dflich der Forderung einer Vorauszahlung.<\/li><\/ol><p>\u00a0<\/p><p class=\"p1\"><b>Artikel 7 - Eigentumsvorbehalt<\/b><b><\/b><\/p><p class=\"p1\">Wenn der Vertrag die \u00dcbertragung des Eigentums oder des geistigen Eigentums vorsieht, bleiben alle gelieferten Waren bis zur vollst\u00e4ndigen Bezahlung Eigentum von Elect.<\/p><p>\u00a0<\/p><p class=\"p1\"><b>Artikel 8 - Verantwortlichkeiten des Kunden<\/b><b><\/b><\/p><p class=\"p1\">Der Kunde muss die erforderlichen technischen Informationen, Entscheidungen und Daten rechtzeitig und genau zur Verf\u00fcgung stellen und dabei die Vorschriften einhalten.<\/p><p>\u00a0<\/p><p class=\"p1\"><b>Artikel 9 - Zus\u00e4tzliche Arbeiten<\/b><b><\/b><\/p><ol class=\"ol1\"><li class=\"li1\">Alle \u00c4nderungen an der Vertragsausf\u00fchrung, die zus\u00e4tzliche Kosten verursachen, gelten als zus\u00e4tzliche Arbeiten und unterliegen diesen Bedingungen.<\/li><li class=\"li1\">Zus\u00e4tzliche Arbeiten, die auf Wunsch\/mit Genehmigung des Kunden durchgef\u00fchrt werden, gehen zu Lasten des Kunden. Elect kann ablehnen oder verhandeln.<\/li><li class=\"li1\">Der Kunde akzeptiert, dass zus\u00e4tzliche Arbeiten die Lieferung verz\u00f6gern k\u00f6nnen und er keinen Anspruch auf Entsch\u00e4digung hat.<\/li><li class=\"li1\">Zus\u00e4tzliche Arbeiten rechtfertigen nicht die Beendigung des Abkommens.<\/li><li class=\"li1\">Kostensteigernde Faktoren, die sich der Kontrolle von Elect entziehen, werden als zus\u00e4tzliche Arbeit in Rechnung gestellt; Elect wird den Auftraggeber dar\u00fcber informieren.<\/li><li class=\"li1\">Die Lieferzeiten sind Richtwerte, sofern nichts anderes schriftlich vereinbart wurde.<\/li><li class=\"li1\">Elect kann die Lieferung von Waren und Ger\u00e4ten an den Auftraggeber veranlassen; die Lagerung erfolgt auf Kosten und Risiko des Auftraggebers.<\/li><li class=\"li1\">Elect beh\u00e4lt sich das Eigentum an den Produkten vor, bis der Kunde alle Zahlungsverpflichtungen, auch wegen M\u00e4ngeln, beglichen hat.<\/li><\/ol><p>\u00a0<\/p><p class=\"p1\"><b>Artikel 10 - Gew\u00e4hrleistung<\/b><b><\/b><\/p><ol class=\"ol1\"><li class=\"li1\">Elect garantiert, dass die gelieferten Dienstleistungen, Produkte und Ergebnisse den Spezifikationen der Vereinbarung, den Qualit\u00e4tsstandards und den gesetzlichen Anforderungen entsprechen.<\/li><li class=\"li1\">Der Kunde kann Garantieanspr\u00fcche geltend machen, wenn ein Mangel innerhalb von 12 Monaten nach der Lieferung gemeldet und von Elect anerkannt wird. Elect wird den Mangel beheben oder bis zur H\u00f6he des f\u00fcr das betreffende Teil gezahlten Betrags erstatten.<\/li><li class=\"li1\">Die Garantie erlischt, wenn der Kunde oder ein Dritter ohne ausdr\u00fcckliche Genehmigung \u00c4nderungen oder Reparaturen vornimmt, das Ger\u00e4t unsachgem\u00e4\u00df verwendet oder nicht ordnungsgem\u00e4\u00df gewartet wird.<\/li><\/ol><p>\u00a0<\/p><p class=\"p1\"><b>Artikel 11 - Rechte an geistigem Eigentum<\/b><b><\/b><\/p><ol class=\"ol1\"><li class=\"li1\">Elect beh\u00e4lt die geistigen Eigentumsrechte an allen bereitgestellten Materialien, einschlie\u00dflich Bildern, Zeichnungen, technischen Beschreibungen und Ratschl\u00e4gen.<\/li><li class=\"li1\">Der Kunde darf diese Rechte nicht durch Vervielf\u00e4ltigung oder Ver\u00f6ffentlichung ohne Genehmigung verletzen. Eine unbefugte Nutzung stellt einen Versto\u00df gegen die Vereinbarung und das geltende Recht dar.<\/li><\/ol><p>\u00a0<\/p><p class=\"p1\"><b>Artikel 12 - Vertraulichkeit<\/b><b><\/b><\/p><ol class=\"ol1\"><li class=\"li1\">Die Parteien behandeln vertrauliche Informationen als solche und stellen sicher, dass ihre Mitarbeiter und Auftragnehmer dies ebenfalls tun.<\/li><li class=\"li1\">Diese Verpflichtung besteht auch nach der K\u00fcndigung fort, solange die Informationen vertraulich bleiben.<\/li><\/ol><p>\u00a0<\/p><p class=\"p1\"><b>Artikel 13 - Haftung<\/b><b><\/b><\/p><ol class=\"ol1\"><li class=\"li1\">Die Haftung ist ausgeschlossen, es sei denn, es liegt Vorsatz oder grobe Fahrl\u00e4ssigkeit vor.<\/li><li class=\"li1\">Elect \u00fcbernimmt die allgemeine Pflege, haftet aber nicht f\u00fcr Missbrauch durch den Kunden.<\/li><li class=\"li1\">Die Lieferung befreit Elect von der Haftung f\u00fcr M\u00e4ngel, die der Kunde bei der Lieferung entdeckt hat oder h\u00e4tte entdecken m\u00fcssen.<\/li><li class=\"li1\">Die Gesamthaftung von Elect f\u00fcr unmittelbare Sch\u00e4den ist in absteigender Reihenfolge auf folgende Betr\u00e4ge begrenzt:<ul class=\"ul1\"><li class=\"li1\">Der f\u00fcr die Dienstleistung oder den betreffenden Teil in Rechnung gestellte Betrag (ohne MwSt.), abz\u00fcglich der Auslagen. Indirekte Sch\u00e4den sind ausgeschlossen.<\/li><li class=\"li1\">Der vom Versicherer der Elect maximal entsch\u00e4digte Betrag zuz\u00fcglich des Selbstbehalts. Indirekte Sch\u00e4den sind ausgeschlossen.<\/li><\/ul><\/li><li class=\"li1\">Anspr\u00fcche verj\u00e4hren 24 Monate nach Lieferung, sofern nicht zwingendes Recht etwas anderes vorschreibt.<\/li><li class=\"li1\">Der direkte Schaden umfasst nur die angemessenen Kosten f\u00fcr die Feststellung der Ursache\/des Umfangs und f\u00fcr die Abhilfe\/Vermeidung, sofern der Kunde nachweisen kann, dass sie entstanden sind.<\/li><li class=\"li1\">Elect haftet nicht f\u00fcr indirekte Sch\u00e4den wie entgangene Gewinne, Datenverluste, Verz\u00f6gerungen oder unzureichende Zusammenarbeit oder Beratung.<\/li><li class=\"li1\">Kunden m\u00fcssen Elect Sch\u00e4den innerhalb von vier Wochen nach deren Auftreten schriftlich melden.<\/li><li class=\"li1\">Die Haftung entsteht erst nach einer ordnungsgem\u00e4\u00dfen schriftlichen Inverzugsetzung, die eine angemessene Frist zur Behebung des Mangels vorsieht und eine detaillierte Beschreibung enth\u00e4lt, die eine L\u00f6sung erm\u00f6glicht.<\/li><li class=\"li1\">Der Kunde stellt Elect von Anspr\u00fcchen Dritter im Zusammenhang mit dem Vertrag oder den Diensten frei.<\/li><li class=\"li1\">Die Artikel 6:271 und 6:230 des niederl\u00e4ndischen B\u00fcrgerlichen Gesetzbuches sind ausgeschlossen.<\/li><\/ol><p>\u00a0<\/p><p class=\"p1\"><b>Artikel 14 - Anwendbares Recht \/ Zust\u00e4ndiges Gericht<\/b><b><\/b><\/p><p class=\"p1\">F\u00fcr alle Vertr\u00e4ge mit Elect gilt ausschlie\u00dflich niederl\u00e4ndisches Recht, und nur niederl\u00e4ndische Gerichte sind zust\u00e4ndig.<\/p>\t\t\t\t\t\t\t\t<\/div>\n\t\t\t\t<\/div>\n\t\t\t\t\t<\/div>\n\t\t\t\t<\/div>\n\t\t\t\t<\/div>","protected":false},"excerpt":{"rendered":"<p>General Terms and Conditions Article 1 \u2013 Definitions General Terms and Conditions: These terms and conditions. Service: All services offered by Elect to the Client, as specified in a Quote, Agreement, or other legal act. Elect Hightech Electronics B.V. (hereinafter: Elect): Contractor located at Gunnerstraat 14, 7595\u202fKE Weerselo, registered under Chamber of Commerce number 93636504. [&hellip;]<\/p>","protected":false},"author":1,"featured_media":0,"parent":0,"menu_order":0,"comment_status":"closed","ping_status":"closed","template":"elementor_header_footer","meta":{"_acf_changed":false,"footnotes":""},"class_list":["post-1486","page","type-page","status-publish","hentry"],"acf":[],"yoast_head":"<!-- This site is optimized with the Yoast SEO plugin v25.3 - https:\/\/yoast.com\/wordpress\/plugins\/seo\/ -->\n<title>Terms and conditions - Elect High-Tech Electronics<\/title>\n<meta name=\"robots\" content=\"index, follow, max-snippet:-1, max-image-preview:large, max-video-preview:-1\" \/>\n<link rel=\"canonical\" href=\"https:\/\/elect.nl\/de\/bedingungen-und-konditionen\/\" \/>\n<meta property=\"og:locale\" content=\"de_DE\" \/>\n<meta property=\"og:type\" content=\"article\" \/>\n<meta property=\"og:title\" content=\"Terms and conditions - Elect High-Tech Electronics\" \/>\n<meta property=\"og:description\" content=\"General Terms and Conditions Article 1 \u2013 Definitions General Terms and Conditions: These terms and conditions. Service: All services offered by Elect to the Client, as specified in a Quote, Agreement, or other legal act. Elect Hightech Electronics B.V. (hereinafter: Elect): Contractor located at Gunnerstraat 14, 7595\u202fKE Weerselo, registered under Chamber of Commerce number 93636504. [&hellip;]\" \/>\n<meta property=\"og:url\" content=\"https:\/\/elect.nl\/de\/bedingungen-und-konditionen\/\" \/>\n<meta property=\"og:site_name\" content=\"Elect High-Tech Electronics\" \/>\n<meta property=\"article:modified_time\" content=\"2026-03-12T08:33:57+00:00\" \/>\n<meta name=\"twitter:card\" content=\"summary_large_image\" \/>\n<meta name=\"twitter:label1\" content=\"Gesch\u00e4tzte Lesezeit\" \/>\n\t<meta name=\"twitter:data1\" content=\"8\u00a0Minuten\" \/>\n<script type=\"application\/ld+json\" class=\"yoast-schema-graph\">{\"@context\":\"https:\/\/schema.org\",\"@graph\":[{\"@type\":\"WebPage\",\"@id\":\"https:\/\/elect.nl\/en\/terms-and-conditions\/\",\"url\":\"https:\/\/elect.nl\/en\/terms-and-conditions\/\",\"name\":\"Terms and conditions - Elect High-Tech Electronics\",\"isPartOf\":{\"@id\":\"https:\/\/elect.nl\/en\/#website\"},\"datePublished\":\"2025-05-23T13:38:37+00:00\",\"dateModified\":\"2026-03-12T08:33:57+00:00\",\"breadcrumb\":{\"@id\":\"https:\/\/elect.nl\/en\/terms-and-conditions\/#breadcrumb\"},\"inLanguage\":\"de\",\"potentialAction\":[{\"@type\":\"ReadAction\",\"target\":[\"https:\/\/elect.nl\/en\/terms-and-conditions\/\"]}]},{\"@type\":\"BreadcrumbList\",\"@id\":\"https:\/\/elect.nl\/en\/terms-and-conditions\/#breadcrumb\",\"itemListElement\":[{\"@type\":\"ListItem\",\"position\":1,\"name\":\"Home\",\"item\":\"https:\/\/elect.nl\/\"},{\"@type\":\"ListItem\",\"position\":2,\"name\":\"Terms and conditions\"}]},{\"@type\":\"WebSite\",\"@id\":\"https:\/\/elect.nl\/en\/#website\",\"url\":\"https:\/\/elect.nl\/en\/\",\"name\":\"Elect High-Tech Electronics\",\"description\":\"Your strategic partner in technology!\",\"publisher\":{\"@id\":\"https:\/\/elect.nl\/en\/#organization\"},\"potentialAction\":[{\"@type\":\"SearchAction\",\"target\":{\"@type\":\"EntryPoint\",\"urlTemplate\":\"https:\/\/elect.nl\/en\/?s={search_term_string}\"},\"query-input\":{\"@type\":\"PropertyValueSpecification\",\"valueRequired\":true,\"valueName\":\"search_term_string\"}}],\"inLanguage\":\"de\"},{\"@type\":\"Organization\",\"@id\":\"https:\/\/elect.nl\/en\/#organization\",\"name\":\"Elect High-Tech Electronics\",\"url\":\"https:\/\/elect.nl\/en\/\",\"logo\":{\"@type\":\"ImageObject\",\"inLanguage\":\"de\",\"@id\":\"https:\/\/elect.nl\/en\/#\/schema\/logo\/image\/\",\"url\":\"https:\/\/elect.nl\/wp-content\/uploads\/2025\/12\/cropped-Elect_High-Tech_Electronics_logo.png\",\"contentUrl\":\"https:\/\/elect.nl\/wp-content\/uploads\/2025\/12\/cropped-Elect_High-Tech_Electronics_logo.png\",\"width\":621,\"height\":189,\"caption\":\"Elect High-Tech Electronics\"},\"image\":{\"@id\":\"https:\/\/elect.nl\/en\/#\/schema\/logo\/image\/\"}}]}<\/script>\n<!-- \/ Yoast SEO plugin. -->","yoast_head_json":{"title":"Terms and conditions - Elect High-Tech Electronics","robots":{"index":"index","follow":"follow","max-snippet":"max-snippet:-1","max-image-preview":"max-image-preview:large","max-video-preview":"max-video-preview:-1"},"canonical":"https:\/\/elect.nl\/de\/bedingungen-und-konditionen\/","og_locale":"de_DE","og_type":"article","og_title":"Terms and conditions - Elect High-Tech Electronics","og_description":"General Terms and Conditions Article 1 \u2013 Definitions General Terms and Conditions: These terms and conditions. Service: All services offered by Elect to the Client, as specified in a Quote, Agreement, or other legal act. Elect Hightech Electronics B.V. (hereinafter: Elect): Contractor located at Gunnerstraat 14, 7595\u202fKE Weerselo, registered under Chamber of Commerce number 93636504. [&hellip;]","og_url":"https:\/\/elect.nl\/de\/bedingungen-und-konditionen\/","og_site_name":"Elect High-Tech Electronics","article_modified_time":"2026-03-12T08:33:57+00:00","twitter_card":"summary_large_image","twitter_misc":{"Gesch\u00e4tzte Lesezeit":"8\u00a0Minuten"},"schema":{"@context":"https:\/\/schema.org","@graph":[{"@type":"WebPage","@id":"https:\/\/elect.nl\/en\/terms-and-conditions\/","url":"https:\/\/elect.nl\/en\/terms-and-conditions\/","name":"Terms and conditions - Elect High-Tech Electronics","isPartOf":{"@id":"https:\/\/elect.nl\/en\/#website"},"datePublished":"2025-05-23T13:38:37+00:00","dateModified":"2026-03-12T08:33:57+00:00","breadcrumb":{"@id":"https:\/\/elect.nl\/en\/terms-and-conditions\/#breadcrumb"},"inLanguage":"de","potentialAction":[{"@type":"ReadAction","target":["https:\/\/elect.nl\/en\/terms-and-conditions\/"]}]},{"@type":"BreadcrumbList","@id":"https:\/\/elect.nl\/en\/terms-and-conditions\/#breadcrumb","itemListElement":[{"@type":"ListItem","position":1,"name":"Home","item":"https:\/\/elect.nl\/"},{"@type":"ListItem","position":2,"name":"Terms and conditions"}]},{"@type":"WebSite","@id":"https:\/\/elect.nl\/en\/#website","url":"https:\/\/elect.nl\/en\/","name":"Elect High-Tech Electronics","description":"Your strategic partner in technology!","publisher":{"@id":"https:\/\/elect.nl\/en\/#organization"},"potentialAction":[{"@type":"SearchAction","target":{"@type":"EntryPoint","urlTemplate":"https:\/\/elect.nl\/en\/?s={search_term_string}"},"query-input":{"@type":"PropertyValueSpecification","valueRequired":true,"valueName":"search_term_string"}}],"inLanguage":"de"},{"@type":"Organization","@id":"https:\/\/elect.nl\/en\/#organization","name":"Elect High-Tech Electronics","url":"https:\/\/elect.nl\/en\/","logo":{"@type":"ImageObject","inLanguage":"de","@id":"https:\/\/elect.nl\/en\/#\/schema\/logo\/image\/","url":"https:\/\/elect.nl\/wp-content\/uploads\/2025\/12\/cropped-Elect_High-Tech_Electronics_logo.png","contentUrl":"https:\/\/elect.nl\/wp-content\/uploads\/2025\/12\/cropped-Elect_High-Tech_Electronics_logo.png","width":621,"height":189,"caption":"Elect High-Tech Electronics"},"image":{"@id":"https:\/\/elect.nl\/en\/#\/schema\/logo\/image\/"}}]}},"_links":{"self":[{"href":"https:\/\/elect.nl\/de\/wp-json\/wp\/v2\/pages\/1486","targetHints":{"allow":["GET"]}}],"collection":[{"href":"https:\/\/elect.nl\/de\/wp-json\/wp\/v2\/pages"}],"about":[{"href":"https:\/\/elect.nl\/de\/wp-json\/wp\/v2\/types\/page"}],"author":[{"embeddable":true,"href":"https:\/\/elect.nl\/de\/wp-json\/wp\/v2\/users\/1"}],"replies":[{"embeddable":true,"href":"https:\/\/elect.nl\/de\/wp-json\/wp\/v2\/comments?post=1486"}],"version-history":[{"count":14,"href":"https:\/\/elect.nl\/de\/wp-json\/wp\/v2\/pages\/1486\/revisions"}],"predecessor-version":[{"id":2828,"href":"https:\/\/elect.nl\/de\/wp-json\/wp\/v2\/pages\/1486\/revisions\/2828"}],"wp:attachment":[{"href":"https:\/\/elect.nl\/de\/wp-json\/wp\/v2\/media?parent=1486"}],"curies":[{"name":"wp","href":"https:\/\/api.w.org\/{rel}","templated":true}]}}