{"id":1128,"date":"2025-05-21T06:41:20","date_gmt":"2025-05-21T06:41:20","guid":{"rendered":"https:\/\/elect.nl\/?page_id=1128"},"modified":"2026-03-12T08:33:35","modified_gmt":"2026-03-12T08:33:35","slug":"danke","status":"publish","type":"page","link":"https:\/\/elect.nl\/de\/danke\/","title":{"rendered":"Dankesch\u00f6n"},"content":{"rendered":"<div data-elementor-type=\"wp-page\" data-elementor-id=\"1128\" class=\"elementor elementor-1128\" data-elementor-post-type=\"page\">\n\t\t\t\t<div class=\"elementor-element elementor-element-3f5f865 e-flex e-con-boxed e-con e-parent\" data-id=\"3f5f865\" data-element_type=\"container\" data-settings=\"{&quot;background_background&quot;:&quot;classic&quot;}\">\n\t\t\t\t\t<div class=\"e-con-inner\">\n\t\t<div class=\"elementor-element elementor-element-17b206a e-con-full e-flex e-con e-child\" data-id=\"17b206a\" data-element_type=\"container\">\n\t\t\t\t<div class=\"elementor-element elementor-element-4d7b8ec elementor-widget elementor-widget-heading\" data-id=\"4d7b8ec\" data-element_type=\"widget\" data-widget_type=\"heading.default\">\n\t\t\t\t<div class=\"elementor-widget-container\">\n\t\t\t\t\t<div class=\"elementor-heading-title elementor-size-default\">Elect High-Tech Electronics<\/div>\t\t\t\t<\/div>\n\t\t\t\t<\/div>\n\t\t\t\t<div class=\"elementor-element elementor-element-4a70d02 elementor-widget elementor-widget-heading\" data-id=\"4a70d02\" data-element_type=\"widget\" data-widget_type=\"heading.default\">\n\t\t\t\t<div class=\"elementor-widget-container\">\n\t\t\t\t\t<h1 class=\"elementor-heading-title elementor-size-default\">Vielen Dank f\u00fcr Ihre Frage!<\/h1>\t\t\t\t<\/div>\n\t\t\t\t<\/div>\n\t\t\t\t<div class=\"elementor-element elementor-element-acefb75 elementor-widget elementor-widget-text-editor\" data-id=\"acefb75\" data-element_type=\"widget\" data-widget_type=\"text-editor.default\">\n\t\t\t\t<div class=\"elementor-widget-container\">\n\t\t\t\t\t\t\t\t\t<p>Sch\u00f6n, dass Sie das Formular ausgef\u00fcllt haben! Wir haben Ihre Nachricht gut erhalten und unser Team wird sofort mit der Bearbeitung beginnen. Behalten Sie Ihren Posteingang im Auge, Sie werden bald von uns h\u00f6ren!<\/p>\t\t\t\t\t\t\t\t<\/div>\n\t\t\t\t<\/div>\n\t\t\t\t<\/div>\n\t\t\t\t\t<\/div>\n\t\t\t\t<\/div>\n\t\t<div class=\"elementor-element elementor-element-7ae053f e-flex e-con-boxed e-con e-parent\" data-id=\"7ae053f\" data-element_type=\"container\" data-settings=\"{&quot;background_background&quot;:&quot;classic&quot;}\">\n\t\t\t\t\t<div class=\"e-con-inner\">\n\t\t<div class=\"elementor-element elementor-element-7c7d076 e-con-full e-flex e-con e-child\" data-id=\"7c7d076\" data-element_type=\"container\">\n\t\t\t\t<div class=\"elementor-element elementor-element-4491548 elementor-widget elementor-widget-heading\" data-id=\"4491548\" data-element_type=\"widget\" data-widget_type=\"heading.default\">\n\t\t\t\t<div class=\"elementor-widget-container\">\n\t\t\t\t\t<h2 class=\"elementor-heading-title elementor-size-default\">Qualit\u00e4t und Erfahrung, auf die man bauen kann<\/h2>\t\t\t\t<\/div>\n\t\t\t\t<\/div>\n\t\t\t\t<div class=\"elementor-element elementor-element-d04c77d elementor-widget__width-initial elementor-widget elementor-widget-text-editor\" data-id=\"d04c77d\" data-element_type=\"widget\" data-widget_type=\"text-editor.default\">\n\t\t\t\t<div class=\"elementor-widget-container\">\n\t\t\t\t\t\t\t\t\t<p>Qualit\u00e4t und Erfahrung sind das Fundament von Elect High-Tech Electronics. Mit \u00fcber 30 Jahren Know-how und Zertifizierungen wie ISO 9001:2015 und ISO 13485:2016 liefern wir durchgehend Spitzenqualit\u00e4t. Unsere Mitarbeiter sind nach den strengen IPC-Normen geschult, so erf\u00fcllt jedes Produkt, vom Prototyp bis zur Serie, die h\u00f6chsten Anforderungen.<\/p>\t\t\t\t\t\t\t\t<\/div>\n\t\t\t\t<\/div>\n\t\t\t\t<\/div>\n\t\t<div class=\"elementor-element elementor-element-183f1f1 e-con-full sub-tegel e-flex e-con e-child\" data-id=\"183f1f1\" data-element_type=\"container\" data-settings=\"{&quot;background_background&quot;:&quot;classic&quot;}\">\n\t\t\t\t<div class=\"elementor-element elementor-element-87d91c9 elementor-widget elementor-widget-image\" data-id=\"87d91c9\" data-element_type=\"widget\" data-widget_type=\"image.default\">\n\t\t\t\t<div class=\"elementor-widget-container\">\n\t\t\t\t\t\t\t\t\t\t\t\t\t\t\t<img fetchpriority=\"high\" decoding=\"async\" width=\"800\" height=\"359\" src=\"https:\/\/elect.nl\/wp-content\/uploads\/2025\/05\/Elect-Weerselo-1024x459.jpg\" class=\"attachment-large size-large wp-image-645\" alt=\"\" srcset=\"https:\/\/elect.nl\/wp-content\/uploads\/2025\/05\/Elect-Weerselo-1024x459.jpg 1024w, https:\/\/elect.nl\/wp-content\/uploads\/2025\/05\/Elect-Weerselo-300x134.jpg 300w, https:\/\/elect.nl\/wp-content\/uploads\/2025\/05\/Elect-Weerselo-768x344.jpg 768w, https:\/\/elect.nl\/wp-content\/uploads\/2025\/05\/Elect-Weerselo-1536x688.jpg 1536w, https:\/\/elect.nl\/wp-content\/uploads\/2025\/05\/Elect-Weerselo-2048x918.jpg 2048w\" sizes=\"(max-width: 800px) 100vw, 800px\" \/>\t\t\t\t\t\t\t\t\t\t\t\t\t\t\t<\/div>\n\t\t\t\t<\/div>\n\t\t\t\t<\/div>\n\t\t\t\t\t<\/div>\n\t\t\t\t<\/div>\n\t\t<div class=\"elementor-element elementor-element-8518359 e-flex e-con-boxed e-con e-parent\" data-id=\"8518359\" data-element_type=\"container\" data-settings=\"{&quot;background_background&quot;:&quot;classic&quot;}\">\n\t\t\t\t\t<div class=\"e-con-inner\">\n\t\t<div class=\"elementor-element elementor-element-1a358ca e-con-full maxhoogte-container e-flex e-con e-child\" data-id=\"1a358ca\" data-element_type=\"container\">\n\t\t<div class=\"elementor-element elementor-element-d785bc9 e-grid e-con-full e-con e-child\" data-id=\"d785bc9\" data-element_type=\"container\">\n\t\t<div class=\"elementor-element elementor-element-b4229cf e-con-full e-flex e-con e-child\" data-id=\"b4229cf\" data-element_type=\"container\">\n\t\t\t\t<div class=\"elementor-element elementor-element-f2d9652 elementor-widget elementor-widget-heading\" data-id=\"f2d9652\" data-element_type=\"widget\" data-widget_type=\"heading.default\">\n\t\t\t\t<div class=\"elementor-widget-container\">\n\t\t\t\t\t<div class=\"elementor-heading-title elementor-size-default\">3600m2<\/div>\t\t\t\t<\/div>\n\t\t\t\t<\/div>\n\t\t\t\t<div class=\"elementor-element elementor-element-00382c8 elementor-widget elementor-widget-heading\" data-id=\"00382c8\" data-element_type=\"widget\" data-widget_type=\"heading.default\">\n\t\t\t\t<div class=\"elementor-widget-container\">\n\t\t\t\t\t<div class=\"elementor-heading-title elementor-size-default\">Gesamtfl\u00e4che<\/div>\t\t\t\t<\/div>\n\t\t\t\t<\/div>\n\t\t\t\t<\/div>\n\t\t<div class=\"elementor-element elementor-element-f9e5c01 e-con-full e-flex e-con e-child\" data-id=\"f9e5c01\" data-element_type=\"container\">\n\t\t\t\t<div class=\"elementor-element elementor-element-d0b93c5 elementor-widget elementor-widget-heading\" data-id=\"d0b93c5\" data-element_type=\"widget\" data-widget_type=\"heading.default\">\n\t\t\t\t<div class=\"elementor-widget-container\">\n\t\t\t\t\t<div class=\"elementor-heading-title elementor-size-default\">1900m2<\/div>\t\t\t\t<\/div>\n\t\t\t\t<\/div>\n\t\t\t\t<div class=\"elementor-element elementor-element-3867642 elementor-widget elementor-widget-heading\" data-id=\"3867642\" data-element_type=\"widget\" data-widget_type=\"heading.default\">\n\t\t\t\t<div class=\"elementor-widget-container\">\n\t\t\t\t\t<div class=\"elementor-heading-title elementor-size-default\">ESD-sicherer Bereich<\/div>\t\t\t\t<\/div>\n\t\t\t\t<\/div>\n\t\t\t\t<\/div>\n\t\t<div class=\"elementor-element elementor-element-e69e641 e-con-full e-flex e-con e-child\" data-id=\"e69e641\" data-element_type=\"container\">\n\t\t\t\t<div class=\"elementor-element elementor-element-26d979f elementor-widget elementor-widget-heading\" data-id=\"26d979f\" data-element_type=\"widget\" data-widget_type=\"heading.default\">\n\t\t\t\t<div class=\"elementor-widget-container\">\n\t\t\t\t\t<div class=\"elementor-heading-title elementor-size-default\">100m2<\/div>\t\t\t\t<\/div>\n\t\t\t\t<\/div>\n\t\t\t\t<div class=\"elementor-element elementor-element-266c3dc elementor-widget elementor-widget-heading\" data-id=\"266c3dc\" data-element_type=\"widget\" data-widget_type=\"heading.default\">\n\t\t\t\t<div class=\"elementor-widget-container\">\n\t\t\t\t\t<div class=\"elementor-heading-title elementor-size-default\">Reinraumfl\u00e4che<\/div>\t\t\t\t<\/div>\n\t\t\t\t<\/div>\n\t\t\t\t<\/div>\n\t\t\t\t<\/div>\n\t\t\t\t<\/div>\n\t\t<div class=\"elementor-element elementor-element-4e89ce9 e-con-full e-flex e-con e-child\" data-id=\"4e89ce9\" data-element_type=\"container\">\n\t\t<div class=\"elementor-element elementor-element-48beb84 e-con-full e-flex e-con e-child\" data-id=\"48beb84\" data-element_type=\"container\">\n\t\t\t\t<div class=\"elementor-element elementor-element-0283a20 elementor-widget elementor-widget-image\" data-id=\"0283a20\" data-element_type=\"widget\" data-widget_type=\"image.default\">\n\t\t\t\t<div class=\"elementor-widget-container\">\n\t\t\t\t\t\t\t\t\t\t\t\t\t\t\t<img decoding=\"async\" width=\"540\" height=\"888\" src=\"https:\/\/elect.nl\/wp-content\/uploads\/2025\/05\/Over-ons_Elect_4.jpg\" class=\"attachment-large size-large wp-image-599\" alt=\"\" srcset=\"https:\/\/elect.nl\/wp-content\/uploads\/2025\/05\/Over-ons_Elect_4.jpg 540w, https:\/\/elect.nl\/wp-content\/uploads\/2025\/05\/Over-ons_Elect_4-182x300.jpg 182w\" sizes=\"(max-width: 540px) 100vw, 540px\" \/>\t\t\t\t\t\t\t\t\t\t\t\t\t\t\t<\/div>\n\t\t\t\t<\/div>\n\t\t\t\t<\/div>\n\t\t<div class=\"elementor-element elementor-element-6bac364 e-con-full elementor-hidden-tablet elementor-hidden-mobile e-flex e-con e-child\" data-id=\"6bac364\" data-element_type=\"container\">\n\t\t\t\t<div class=\"elementor-element elementor-element-e4c7091 elementor-widget elementor-widget-image\" data-id=\"e4c7091\" data-element_type=\"widget\" data-widget_type=\"image.default\">\n\t\t\t\t<div class=\"elementor-widget-container\">\n\t\t\t\t\t\t\t\t\t\t\t\t\t\t\t<img decoding=\"async\" width=\"540\" height=\"888\" src=\"https:\/\/elect.nl\/wp-content\/uploads\/2025\/05\/Over-ons_Elect_1.jpg\" class=\"attachment-large size-large wp-image-596\" alt=\"\" srcset=\"https:\/\/elect.nl\/wp-content\/uploads\/2025\/05\/Over-ons_Elect_1.jpg 540w, https:\/\/elect.nl\/wp-content\/uploads\/2025\/05\/Over-ons_Elect_1-182x300.jpg 182w\" sizes=\"(max-width: 540px) 100vw, 540px\" \/>\t\t\t\t\t\t\t\t\t\t\t\t\t\t\t<\/div>\n\t\t\t\t<\/div>\n\t\t\t\t<\/div>\n\t\t<div class=\"elementor-element elementor-element-9f05cc2 e-con-full elementor-hidden-tablet elementor-hidden-mobile e-flex e-con e-child\" data-id=\"9f05cc2\" data-element_type=\"container\">\n\t\t\t\t<div class=\"elementor-element elementor-element-e530633 elementor-widget elementor-widget-image\" data-id=\"e530633\" data-element_type=\"widget\" data-widget_type=\"image.default\">\n\t\t\t\t<div class=\"elementor-widget-container\">\n\t\t\t\t\t\t\t\t\t\t\t\t\t\t\t<img loading=\"lazy\" decoding=\"async\" width=\"540\" height=\"888\" src=\"https:\/\/elect.nl\/wp-content\/uploads\/2025\/05\/Over-ons_Elect_3.jpg\" class=\"attachment-large size-large wp-image-598\" alt=\"\" srcset=\"https:\/\/elect.nl\/wp-content\/uploads\/2025\/05\/Over-ons_Elect_3.jpg 540w, https:\/\/elect.nl\/wp-content\/uploads\/2025\/05\/Over-ons_Elect_3-182x300.jpg 182w\" sizes=\"(max-width: 540px) 100vw, 540px\" \/>\t\t\t\t\t\t\t\t\t\t\t\t\t\t\t<\/div>\n\t\t\t\t<\/div>\n\t\t\t\t<\/div>\n\t\t<div class=\"elementor-element elementor-element-1b65bec e-con-full elementor-hidden-tablet elementor-hidden-mobile e-flex e-con e-child\" data-id=\"1b65bec\" data-element_type=\"container\">\n\t\t\t\t<div class=\"elementor-element elementor-element-8c5096e elementor-widget elementor-widget-image\" data-id=\"8c5096e\" data-element_type=\"widget\" data-widget_type=\"image.default\">\n\t\t\t\t<div class=\"elementor-widget-container\">\n\t\t\t\t\t\t\t\t\t\t\t\t\t\t\t<img loading=\"lazy\" decoding=\"async\" width=\"540\" height=\"888\" src=\"https:\/\/elect.nl\/wp-content\/uploads\/2025\/05\/Over-ons_Elect_2.jpg\" class=\"attachment-large size-large wp-image-597\" alt=\"\" srcset=\"https:\/\/elect.nl\/wp-content\/uploads\/2025\/05\/Over-ons_Elect_2.jpg 540w, https:\/\/elect.nl\/wp-content\/uploads\/2025\/05\/Over-ons_Elect_2-182x300.jpg 182w\" sizes=\"(max-width: 540px) 100vw, 540px\" \/>\t\t\t\t\t\t\t\t\t\t\t\t\t\t\t<\/div>\n\t\t\t\t<\/div>\n\t\t\t\t<\/div>\n\t\t<div class=\"elementor-element elementor-element-b2a44e4 e-con-full elementor-hidden-tablet elementor-hidden-mobile e-flex e-con e-child\" data-id=\"b2a44e4\" data-element_type=\"container\">\n\t\t\t\t<div class=\"elementor-element elementor-element-eb5969a elementor-widget elementor-widget-image\" data-id=\"eb5969a\" data-element_type=\"widget\" data-widget_type=\"image.default\">\n\t\t\t\t<div class=\"elementor-widget-container\">\n\t\t\t\t\t\t\t\t\t\t\t\t\t\t\t<img loading=\"lazy\" decoding=\"async\" width=\"540\" height=\"888\" src=\"https:\/\/elect.nl\/wp-content\/uploads\/2025\/05\/Over-ons_Elect_5.jpg\" class=\"attachment-large size-large wp-image-600\" alt=\"\" srcset=\"https:\/\/elect.nl\/wp-content\/uploads\/2025\/05\/Over-ons_Elect_5.jpg 540w, https:\/\/elect.nl\/wp-content\/uploads\/2025\/05\/Over-ons_Elect_5-182x300.jpg 182w\" sizes=\"(max-width: 540px) 100vw, 540px\" \/>\t\t\t\t\t\t\t\t\t\t\t\t\t\t\t<\/div>\n\t\t\t\t<\/div>\n\t\t\t\t<\/div>\n\t\t\t\t<\/div>\n\t\t\t\t\t<\/div>\n\t\t\t\t<\/div>\n\t\t\t\t<\/div>","protected":false},"excerpt":{"rendered":"<p>Elect High-Tech Electronics Thanks for your question! Great that you filled in the form! We received your message well and our team will start working on it right away. Keep an eye on your inbox, you&#8217;ll hear from us soon! Quality and Experience You Can Rely On Quality and experience are at the core of [&hellip;]<\/p>","protected":false},"author":1,"featured_media":0,"parent":0,"menu_order":0,"comment_status":"closed","ping_status":"closed","template":"elementor_header_footer","meta":{"_acf_changed":false,"footnotes":""},"class_list":["post-1128","page","type-page","status-publish","hentry"],"acf":[],"yoast_head":"<!-- This site is optimized with the Yoast SEO plugin v25.3 - https:\/\/yoast.com\/wordpress\/plugins\/seo\/ -->\n<title>Thank you - Elect High-Tech Electronics<\/title>\n<meta name=\"robots\" content=\"index, follow, max-snippet:-1, max-image-preview:large, max-video-preview:-1\" \/>\n<link rel=\"canonical\" href=\"https:\/\/elect.nl\/de\/danke\/\" \/>\n<meta property=\"og:locale\" content=\"de_DE\" \/>\n<meta property=\"og:type\" content=\"article\" \/>\n<meta property=\"og:title\" content=\"Thank you - Elect High-Tech Electronics\" \/>\n<meta property=\"og:description\" content=\"Elect High-Tech Electronics Thanks for your question! Great that you filled in the form! We received your message well and our team will start working on it right away. Keep an eye on your inbox, you&#8217;ll hear from us soon! Quality and Experience You Can Rely On Quality and experience are at the core of [&hellip;]\" \/>\n<meta property=\"og:url\" content=\"https:\/\/elect.nl\/de\/danke\/\" \/>\n<meta property=\"og:site_name\" content=\"Elect High-Tech Electronics\" \/>\n<meta property=\"article:modified_time\" content=\"2026-03-12T08:33:35+00:00\" \/>\n<meta property=\"og:image\" content=\"https:\/\/elect.nl\/wp-content\/uploads\/2025\/05\/Elect-Weerselo.jpg\" \/>\n\t<meta property=\"og:image:width\" content=\"2343\" \/>\n\t<meta property=\"og:image:height\" content=\"1050\" \/>\n\t<meta property=\"og:image:type\" content=\"image\/jpeg\" \/>\n<meta name=\"twitter:card\" content=\"summary_large_image\" \/>\n<meta name=\"twitter:label1\" content=\"Gesch\u00e4tzte Lesezeit\" \/>\n\t<meta name=\"twitter:data1\" content=\"2\u00a0Minuten\" \/>\n<script type=\"application\/ld+json\" class=\"yoast-schema-graph\">{\"@context\":\"https:\/\/schema.org\",\"@graph\":[{\"@type\":\"WebPage\",\"@id\":\"https:\/\/elect.nl\/thank-you\/\",\"url\":\"https:\/\/elect.nl\/thank-you\/\",\"name\":\"Thank you - Elect High-Tech Electronics\",\"isPartOf\":{\"@id\":\"https:\/\/elect.nl\/en\/#website\"},\"primaryImageOfPage\":{\"@id\":\"https:\/\/elect.nl\/thank-you\/#primaryimage\"},\"image\":{\"@id\":\"https:\/\/elect.nl\/thank-you\/#primaryimage\"},\"thumbnailUrl\":\"https:\/\/elect.nl\/wp-content\/uploads\/2025\/05\/Elect-Weerselo-1024x459.jpg\",\"datePublished\":\"2025-05-21T06:41:20+00:00\",\"dateModified\":\"2026-03-12T08:33:35+00:00\",\"breadcrumb\":{\"@id\":\"https:\/\/elect.nl\/thank-you\/#breadcrumb\"},\"inLanguage\":\"de\",\"potentialAction\":[{\"@type\":\"ReadAction\",\"target\":[\"https:\/\/elect.nl\/thank-you\/\"]}]},{\"@type\":\"ImageObject\",\"inLanguage\":\"de\",\"@id\":\"https:\/\/elect.nl\/thank-you\/#primaryimage\",\"url\":\"https:\/\/elect.nl\/wp-content\/uploads\/2025\/05\/Elect-Weerselo-1024x459.jpg\",\"contentUrl\":\"https:\/\/elect.nl\/wp-content\/uploads\/2025\/05\/Elect-Weerselo-1024x459.jpg\"},{\"@type\":\"BreadcrumbList\",\"@id\":\"https:\/\/elect.nl\/thank-you\/#breadcrumb\",\"itemListElement\":[{\"@type\":\"ListItem\",\"position\":1,\"name\":\"Home\",\"item\":\"https:\/\/elect.nl\/en\/\"},{\"@type\":\"ListItem\",\"position\":2,\"name\":\"Thank you\"}]},{\"@type\":\"WebSite\",\"@id\":\"https:\/\/elect.nl\/en\/#website\",\"url\":\"https:\/\/elect.nl\/en\/\",\"name\":\"Elect High-Tech Electronics\",\"description\":\"Your strategic partner in technology!\",\"publisher\":{\"@id\":\"https:\/\/elect.nl\/en\/#organization\"},\"potentialAction\":[{\"@type\":\"SearchAction\",\"target\":{\"@type\":\"EntryPoint\",\"urlTemplate\":\"https:\/\/elect.nl\/en\/?s={search_term_string}\"},\"query-input\":{\"@type\":\"PropertyValueSpecification\",\"valueRequired\":true,\"valueName\":\"search_term_string\"}}],\"inLanguage\":\"de\"},{\"@type\":\"Organization\",\"@id\":\"https:\/\/elect.nl\/en\/#organization\",\"name\":\"Elect High-Tech Electronics\",\"url\":\"https:\/\/elect.nl\/en\/\",\"logo\":{\"@type\":\"ImageObject\",\"inLanguage\":\"de\",\"@id\":\"https:\/\/elect.nl\/en\/#\/schema\/logo\/image\/\",\"url\":\"https:\/\/elect.nl\/wp-content\/uploads\/2025\/12\/cropped-Elect_High-Tech_Electronics_logo.png\",\"contentUrl\":\"https:\/\/elect.nl\/wp-content\/uploads\/2025\/12\/cropped-Elect_High-Tech_Electronics_logo.png\",\"width\":621,\"height\":189,\"caption\":\"Elect High-Tech Electronics\"},\"image\":{\"@id\":\"https:\/\/elect.nl\/en\/#\/schema\/logo\/image\/\"}}]}<\/script>\n<!-- \/ Yoast SEO plugin. -->","yoast_head_json":{"title":"Thank you - Elect High-Tech Electronics","robots":{"index":"index","follow":"follow","max-snippet":"max-snippet:-1","max-image-preview":"max-image-preview:large","max-video-preview":"max-video-preview:-1"},"canonical":"https:\/\/elect.nl\/de\/danke\/","og_locale":"de_DE","og_type":"article","og_title":"Thank you - Elect High-Tech Electronics","og_description":"Elect High-Tech Electronics Thanks for your question! Great that you filled in the form! We received your message well and our team will start working on it right away. Keep an eye on your inbox, you&#8217;ll hear from us soon! Quality and Experience You Can Rely On Quality and experience are at the core of [&hellip;]","og_url":"https:\/\/elect.nl\/de\/danke\/","og_site_name":"Elect High-Tech Electronics","article_modified_time":"2026-03-12T08:33:35+00:00","og_image":[{"width":2343,"height":1050,"url":"https:\/\/elect.nl\/wp-content\/uploads\/2025\/05\/Elect-Weerselo.jpg","type":"image\/jpeg"}],"twitter_card":"summary_large_image","twitter_misc":{"Gesch\u00e4tzte Lesezeit":"2\u00a0Minuten"},"schema":{"@context":"https:\/\/schema.org","@graph":[{"@type":"WebPage","@id":"https:\/\/elect.nl\/thank-you\/","url":"https:\/\/elect.nl\/thank-you\/","name":"Thank you - Elect High-Tech Electronics","isPartOf":{"@id":"https:\/\/elect.nl\/en\/#website"},"primaryImageOfPage":{"@id":"https:\/\/elect.nl\/thank-you\/#primaryimage"},"image":{"@id":"https:\/\/elect.nl\/thank-you\/#primaryimage"},"thumbnailUrl":"https:\/\/elect.nl\/wp-content\/uploads\/2025\/05\/Elect-Weerselo-1024x459.jpg","datePublished":"2025-05-21T06:41:20+00:00","dateModified":"2026-03-12T08:33:35+00:00","breadcrumb":{"@id":"https:\/\/elect.nl\/thank-you\/#breadcrumb"},"inLanguage":"de","potentialAction":[{"@type":"ReadAction","target":["https:\/\/elect.nl\/thank-you\/"]}]},{"@type":"ImageObject","inLanguage":"de","@id":"https:\/\/elect.nl\/thank-you\/#primaryimage","url":"https:\/\/elect.nl\/wp-content\/uploads\/2025\/05\/Elect-Weerselo-1024x459.jpg","contentUrl":"https:\/\/elect.nl\/wp-content\/uploads\/2025\/05\/Elect-Weerselo-1024x459.jpg"},{"@type":"BreadcrumbList","@id":"https:\/\/elect.nl\/thank-you\/#breadcrumb","itemListElement":[{"@type":"ListItem","position":1,"name":"Home","item":"https:\/\/elect.nl\/en\/"},{"@type":"ListItem","position":2,"name":"Thank you"}]},{"@type":"WebSite","@id":"https:\/\/elect.nl\/en\/#website","url":"https:\/\/elect.nl\/en\/","name":"Elect High-Tech Electronics","description":"Your strategic partner in technology!","publisher":{"@id":"https:\/\/elect.nl\/en\/#organization"},"potentialAction":[{"@type":"SearchAction","target":{"@type":"EntryPoint","urlTemplate":"https:\/\/elect.nl\/en\/?s={search_term_string}"},"query-input":{"@type":"PropertyValueSpecification","valueRequired":true,"valueName":"search_term_string"}}],"inLanguage":"de"},{"@type":"Organization","@id":"https:\/\/elect.nl\/en\/#organization","name":"Elect High-Tech Electronics","url":"https:\/\/elect.nl\/en\/","logo":{"@type":"ImageObject","inLanguage":"de","@id":"https:\/\/elect.nl\/en\/#\/schema\/logo\/image\/","url":"https:\/\/elect.nl\/wp-content\/uploads\/2025\/12\/cropped-Elect_High-Tech_Electronics_logo.png","contentUrl":"https:\/\/elect.nl\/wp-content\/uploads\/2025\/12\/cropped-Elect_High-Tech_Electronics_logo.png","width":621,"height":189,"caption":"Elect High-Tech Electronics"},"image":{"@id":"https:\/\/elect.nl\/en\/#\/schema\/logo\/image\/"}}]}},"_links":{"self":[{"href":"https:\/\/elect.nl\/de\/wp-json\/wp\/v2\/pages\/1128","targetHints":{"allow":["GET"]}}],"collection":[{"href":"https:\/\/elect.nl\/de\/wp-json\/wp\/v2\/pages"}],"about":[{"href":"https:\/\/elect.nl\/de\/wp-json\/wp\/v2\/types\/page"}],"author":[{"embeddable":true,"href":"https:\/\/elect.nl\/de\/wp-json\/wp\/v2\/users\/1"}],"replies":[{"embeddable":true,"href":"https:\/\/elect.nl\/de\/wp-json\/wp\/v2\/comments?post=1128"}],"version-history":[{"count":17,"href":"https:\/\/elect.nl\/de\/wp-json\/wp\/v2\/pages\/1128\/revisions"}],"predecessor-version":[{"id":2825,"href":"https:\/\/elect.nl\/de\/wp-json\/wp\/v2\/pages\/1128\/revisions\/2825"}],"wp:attachment":[{"href":"https:\/\/elect.nl\/de\/wp-json\/wp\/v2\/media?parent=1128"}],"curies":[{"name":"wp","href":"https:\/\/api.w.org\/{rel}","templated":true}]}}